{"id":102,"date":"2022-05-18T00:00:05","date_gmt":"2022-05-17T22:00:05","guid":{"rendered":"https:\/\/kita-schnickschnack.de\/?page_id=102"},"modified":"2025-04-22T21:16:32","modified_gmt":"2025-04-22T19:16:32","slug":"team","status":"publish","type":"page","link":"https:\/\/kita-schnickschnack.de\/en\/team\/","title":{"rendered":"Schnick&#038;Schnack-Team"},"content":{"rendered":"<div class=\"wp-block-columns is-layout-flex wp-container-core-columns-is-layout-9d6595d7 wp-block-columns-is-layout-flex\">\n<div class=\"wp-block-column is-layout-flow wp-block-column-is-layout-flow\" style=\"flex-basis:66.66%\">\n<figure class=\"wp-block-image size-large\"><img loading=\"lazy\" decoding=\"async\" width=\"1024\" height=\"375\" src=\"https:\/\/kita-schnickschnack.de\/wp-content\/uploads\/2025\/03\/IMG_2514-1024x375.jpg\" alt=\"\" class=\"wp-image-728\" srcset=\"https:\/\/kita-schnickschnack.de\/wp-content\/uploads\/2025\/03\/IMG_2514-1024x375.jpg 1024w, https:\/\/kita-schnickschnack.de\/wp-content\/uploads\/2025\/03\/IMG_2514-300x110.jpg 300w, https:\/\/kita-schnickschnack.de\/wp-content\/uploads\/2025\/03\/IMG_2514-768x281.jpg 768w, https:\/\/kita-schnickschnack.de\/wp-content\/uploads\/2025\/03\/IMG_2514-1536x562.jpg 1536w, https:\/\/kita-schnickschnack.de\/wp-content\/uploads\/2025\/03\/IMG_2514-2048x749.jpg 2048w\" sizes=\"auto, (max-width: 1024px) 100vw, 1024px\" \/><\/figure>\n<\/div>\n\n\n\n<div class=\"wp-block-column is-layout-flow wp-block-column-is-layout-flow\" style=\"flex-basis:33.33%\">\n<p><strong>The Schnick&amp;Schnack team<\/strong> consists of four educators.<\/p>\n\n\n\n<p>The core team is supported by assistants, a volunteer in the voluntary social year (FSJ), and students\/interns.<\/p>\n<\/div>\n<\/div>\n\n\n\n<div class=\"wp-block-group\"><div class=\"wp-block-group__inner-container is-layout-flow wp-block-group-is-layout-flow\"><nav class=\"has-medium-font-size items-justified-space-between alignfull wp-block-navigation is-content-justification-space-between is-layout-flex wp-container-core-navigation-is-layout-3d213aab wp-block-navigation-is-layout-flex\" aria-label=\"SEKUND\u00c4RMENU\"><ul class=\"wp-block-navigation__container has-medium-font-size items-justified-space-between alignfull wp-block-navigation has-medium-font-size\"><li class=\"has-medium-font-size wp-block-navigation-item wp-block-navigation-link\"><a class=\"wp-block-navigation-item__content\"  href=\"https:\/\/kita-schnickschnack.de\/en\/ekt-einfach-erklaert\/\"><span class=\"wp-block-navigation-item__label\">DAYCARE EXPLAINED<\/span><\/a><\/li><li class=\"has-medium-font-size wp-block-navigation-item wp-block-navigation-link\"><a class=\"wp-block-navigation-item__content\"  href=\"https:\/\/kita-schnickschnack.de\/en\/leitbild\/\"><span class=\"wp-block-navigation-item__label\">MISSION STATEMENT<\/span><\/a><\/li><li class=\"has-medium-font-size wp-block-navigation-item wp-block-navigation-link\"><a class=\"wp-block-navigation-item__content\"  href=\"https:\/\/kita-schnickschnack.de\/en\/raeume\/\"><span class=\"wp-block-navigation-item__label\">ROOMS<\/span><\/a><\/li><li class=\"has-medium-font-size wp-block-navigation-item wp-block-navigation-link\"><a class=\"wp-block-navigation-item__content\"  href=\"https:\/\/kita-schnickschnack.de\/en\/tagesablauf\/\"><span class=\"wp-block-navigation-item__label\">DAILY ROUTINE<\/span><\/a><\/li><li class=\"has-medium-font-size wp-block-navigation-item wp-block-navigation-link\"><a class=\"wp-block-navigation-item__content\"  href=\"https:\/\/kita-schnickschnack.de\/en\/team\/\"><span class=\"wp-block-navigation-item__label\">TEAM<\/span><\/a><\/li><\/ul><\/nav><\/div><\/div>","protected":false},"excerpt":{"rendered":"<p>Das Schnick&amp;Schnack-Team besteht aus vier P\u00e4dagog*innen. Unterst\u00fctzt wird das Kernteam von Aushilfskr\u00e4ften, einer*einem FSJlerin oder Student*innen\/Praktikant*innen.<\/p>","protected":false},"author":1,"featured_media":0,"parent":0,"menu_order":0,"comment_status":"closed","ping_status":"closed","template":"","meta":{"neve_meta_sidebar":"","neve_meta_container":"contained","neve_meta_enable_content_width":"","neve_meta_content_width":0,"neve_meta_title_alignment":"","neve_meta_author_avatar":"","neve_post_elements_order":"","neve_meta_disable_header":"","neve_meta_disable_footer":"","neve_meta_disable_title":"","footnotes":""},"class_list":["post-102","page","type-page","status-publish","hentry"],"_links":{"self":[{"href":"https:\/\/kita-schnickschnack.de\/en\/wp-json\/wp\/v2\/pages\/102","targetHints":{"allow":["GET"]}}],"collection":[{"href":"https:\/\/kita-schnickschnack.de\/en\/wp-json\/wp\/v2\/pages"}],"about":[{"href":"https:\/\/kita-schnickschnack.de\/en\/wp-json\/wp\/v2\/types\/page"}],"author":[{"embeddable":true,"href":"https:\/\/kita-schnickschnack.de\/en\/wp-json\/wp\/v2\/users\/1"}],"replies":[{"embeddable":true,"href":"https:\/\/kita-schnickschnack.de\/en\/wp-json\/wp\/v2\/comments?post=102"}],"version-history":[{"count":10,"href":"https:\/\/kita-schnickschnack.de\/en\/wp-json\/wp\/v2\/pages\/102\/revisions"}],"predecessor-version":[{"id":820,"href":"https:\/\/kita-schnickschnack.de\/en\/wp-json\/wp\/v2\/pages\/102\/revisions\/820"}],"wp:attachment":[{"href":"https:\/\/kita-schnickschnack.de\/en\/wp-json\/wp\/v2\/media?parent=102"}],"curies":[{"name":"wp","href":"https:\/\/api.w.org\/{rel}","templated":true}]}}