{"id":106,"date":"2022-05-18T00:08:24","date_gmt":"2022-05-17T22:08:24","guid":{"rendered":"https:\/\/kita-schnickschnack.de\/?page_id=106"},"modified":"2022-06-17T11:16:07","modified_gmt":"2022-06-17T09:16:07","slug":"tagesablauf","status":"publish","type":"page","link":"https:\/\/kita-schnickschnack.de\/en\/tagesablauf\/","title":{"rendered":"Daily Routine"},"content":{"rendered":"<div class=\"wp-block-columns is-layout-flex wp-container-core-columns-is-layout-9d6595d7 wp-block-columns-is-layout-flex\">\n<div class=\"wp-block-column is-layout-flow wp-block-column-is-layout-flow\" style=\"flex-basis:66.66%\">\n<p><strong>7.45 \u2013 9.20 Uhr Arrival and Free Play<\/strong><br>All children are welcomed and greeted in the group rooms of the 'Schnacks'. Children who arrive before 8:30 am have the opportunity to eat a small breakfast.<\/p>\n<\/div>\n\n\n\n<div class=\"wp-block-column is-layout-flow wp-block-column-is-layout-flow\" style=\"flex-basis:33.33%\">\n<figure class=\"wp-block-image size-full\"><img loading=\"lazy\" decoding=\"async\" width=\"267\" height=\"268\" src=\"http:\/\/kita-schnickschnack.de\/wp-content\/uploads\/2022\/06\/Kind-jongliert.jpg\" alt=\"Kinder spielt jonglieren - freies Spiel\" class=\"wp-image-277\" srcset=\"https:\/\/kita-schnickschnack.de\/wp-content\/uploads\/2022\/06\/Kind-jongliert.jpg 267w, https:\/\/kita-schnickschnack.de\/wp-content\/uploads\/2022\/06\/Kind-jongliert-150x150.jpg 150w\" sizes=\"auto, (max-width: 267px) 100vw, 267px\" \/><\/figure>\n<\/div>\n<\/div>\n\n\n\n<div class=\"wp-block-columns is-layout-flex wp-container-core-columns-is-layout-9d6595d7 wp-block-columns-is-layout-flex\">\n<div class=\"wp-block-column is-layout-flow wp-block-column-is-layout-flow\" style=\"flex-basis:33.33%\">\n<figure class=\"wp-block-image size-full\"><img loading=\"lazy\" decoding=\"async\" width=\"402\" height=\"267\" src=\"http:\/\/kita-schnickschnack.de\/wp-content\/uploads\/2022\/06\/Kind-gruebelt.jpg\" alt=\"\" class=\"wp-image-276\" srcset=\"https:\/\/kita-schnickschnack.de\/wp-content\/uploads\/2022\/06\/Kind-gruebelt.jpg 402w, https:\/\/kita-schnickschnack.de\/wp-content\/uploads\/2022\/06\/Kind-gruebelt-300x199.jpg 300w\" sizes=\"auto, (max-width: 402px) 100vw, 402px\" \/><\/figure>\n<\/div>\n\n\n\n<div class=\"wp-block-column is-layout-flow wp-block-column-is-layout-flow\" style=\"flex-basis:66.66%\">\n<p><strong>9.30 Morning Circle<\/strong><br>Each group gathers in their group room for the morning circle. After a good morning song, the children are counted, they think about who is missing, discuss the daily schedule, reflect on the day of the week and the month, and\/or talk about and sing current topics and songs.<\/p>\n<\/div>\n<\/div>\n\n\n\n<div class=\"wp-block-columns is-layout-flex wp-container-core-columns-is-layout-9d6595d7 wp-block-columns-is-layout-flex\">\n<div class=\"wp-block-column is-layout-flow wp-block-column-is-layout-flow\" style=\"flex-basis:66.66%\">\n<p><strong>From 10.00 Field Trips\/Activities\/Free Play<\/strong><br>In the mornings, there is time to go outside, explore, play, run around, make music, and experiment. Our weekly schedule includes regular activities as well as changing and spontaneous offers that are based on the children\u2019s current interests and needs.<\/p>\n<\/div>\n\n\n\n<div class=\"wp-block-column is-layout-flow wp-block-column-is-layout-flow\" style=\"flex-basis:33.33%\">\n<figure class=\"wp-block-image size-full\"><img loading=\"lazy\" decoding=\"async\" width=\"267\" height=\"268\" src=\"http:\/\/kita-schnickschnack.de\/wp-content\/uploads\/2022\/06\/Kind-malt.jpg\" alt=\"\" class=\"wp-image-279\" srcset=\"https:\/\/kita-schnickschnack.de\/wp-content\/uploads\/2022\/06\/Kind-malt.jpg 267w, https:\/\/kita-schnickschnack.de\/wp-content\/uploads\/2022\/06\/Kind-malt-150x150.jpg 150w\" sizes=\"auto, (max-width: 267px) 100vw, 267px\" \/><\/figure>\n<\/div>\n<\/div>\n\n\n\n<div class=\"wp-block-columns is-layout-flex wp-container-core-columns-is-layout-9d6595d7 wp-block-columns-is-layout-flex\">\n<div class=\"wp-block-column is-layout-flow wp-block-column-is-layout-flow\" style=\"flex-basis:33.33%\">\n<figure class=\"wp-block-image size-full\"><img loading=\"lazy\" decoding=\"async\" width=\"267\" height=\"268\" src=\"http:\/\/kita-schnickschnack.de\/wp-content\/uploads\/2022\/05\/TTMZeichenfla\u0308che-3-Kopie-2HQ.png\" alt=\"\" class=\"wp-image-22\" srcset=\"https:\/\/kita-schnickschnack.de\/wp-content\/uploads\/2022\/05\/TTMZeichenfla\u0308che-3-Kopie-2HQ.png 267w, https:\/\/kita-schnickschnack.de\/wp-content\/uploads\/2022\/05\/TTMZeichenfla\u0308che-3-Kopie-2HQ-150x150.png 150w\" sizes=\"auto, (max-width: 267px) 100vw, 267px\" \/><\/figure>\n<\/div>\n\n\n\n<div class=\"wp-block-column is-layout-flow wp-block-column-is-layout-flow\" style=\"flex-basis:66.66%\">\n<p><strong><strong>11.15\/12.00 Lunch<br><\/strong><\/strong>The Schnicks have lunch at 11:15 am. The Schnacks eat at 12:00 pm, after the children have set the table on their own. In both groups, the meal begins with a table rhyme or verse chosen by the children.<\/p>\n<\/div>\n<\/div>\n\n\n\n<div class=\"wp-block-columns is-layout-flex wp-container-core-columns-is-layout-9d6595d7 wp-block-columns-is-layout-flex\">\n<div class=\"wp-block-column is-layout-flow wp-block-column-is-layout-flow\" style=\"flex-basis:66.66%\">\n<p><strong>12.00\/12.30 Nap time<\/strong><br>Following independent table clearing and tooth brushing, quiet time begins at the Kinderladen. The Schnicks settle down for a nap, while the Schnacks make themselves comfortable on sofas or mattresses to enjoy a story or an audio drama.<\/p>\n<\/div>\n\n\n\n<div class=\"wp-block-column is-layout-flow wp-block-column-is-layout-flow\" style=\"flex-basis:33.33%\">\n<figure class=\"wp-block-image size-full\"><img loading=\"lazy\" decoding=\"async\" width=\"267\" height=\"267\" src=\"http:\/\/kita-schnickschnack.de\/wp-content\/uploads\/2022\/06\/Kind-mit-Kuscheltier.jpg\" alt=\"Mittagsruhe im Kindergarten\" class=\"wp-image-280\" srcset=\"https:\/\/kita-schnickschnack.de\/wp-content\/uploads\/2022\/06\/Kind-mit-Kuscheltier.jpg 267w, https:\/\/kita-schnickschnack.de\/wp-content\/uploads\/2022\/06\/Kind-mit-Kuscheltier-150x150.jpg 150w\" sizes=\"auto, (max-width: 267px) 100vw, 267px\" \/><\/figure>\n<\/div>\n<\/div>\n\n\n\n<div class=\"wp-block-columns is-layout-flex wp-container-core-columns-is-layout-9d6595d7 wp-block-columns-is-layout-flex\">\n<div class=\"wp-block-column is-layout-flow wp-block-column-is-layout-flow\" style=\"flex-basis:33.33%\">\n<figure class=\"wp-block-image size-full\"><img loading=\"lazy\" decoding=\"async\" width=\"268\" height=\"189\" src=\"http:\/\/kita-schnickschnack.de\/wp-content\/uploads\/2022\/06\/Melone-oben.jpg\" alt=\"\" class=\"wp-image-581\"\/><\/figure>\n<\/div>\n\n\n\n<div class=\"wp-block-column is-layout-flow wp-block-column-is-layout-flow\" style=\"flex-basis:66.66%\">\n<p><strong>14.30 Afternoon Snack<\/strong><br>In the afternoon, the children enjoy a small snack of bread and fruit. When the weather allows, we like to have this snack at the playground across the street.<\/p>\n<\/div>\n<\/div>\n\n\n\n<div class=\"wp-block-columns is-layout-flex wp-container-core-columns-is-layout-9d6595d7 wp-block-columns-is-layout-flex\">\n<div class=\"wp-block-column is-layout-flow wp-block-column-is-layout-flow\" style=\"flex-basis:66.66%\">\n<p><strong>From 14.45 until 16.35 <\/strong><br><strong>Afternoon Activities and Pick-Up<\/strong><br>In the afternoon, the Schnicks and Schnacks come together again for shared care. The day ends for our Schnicks by 3:00 pm at the latest. All Schnacks are picked up by 4:35 pm, when the Kinderladen closes for the day.<\/p>\n<\/div>\n\n\n\n<div class=\"wp-block-column is-layout-flow wp-block-column-is-layout-flow\" style=\"flex-basis:33.33%\">\n<figure class=\"wp-block-image size-full\"><img loading=\"lazy\" decoding=\"async\" width=\"267\" height=\"268\" src=\"http:\/\/kita-schnickschnack.de\/wp-content\/uploads\/2022\/06\/Kind-liest.jpg\" alt=\"\" class=\"wp-image-278\" srcset=\"https:\/\/kita-schnickschnack.de\/wp-content\/uploads\/2022\/06\/Kind-liest.jpg 267w, https:\/\/kita-schnickschnack.de\/wp-content\/uploads\/2022\/06\/Kind-liest-150x150.jpg 150w\" sizes=\"auto, (max-width: 267px) 100vw, 267px\" \/><\/figure>\n<\/div>\n<\/div>\n\n\n\n<div class=\"wp-block-columns is-layout-flex wp-container-core-columns-is-layout-9d6595d7 wp-block-columns-is-layout-flex\">\n<div class=\"wp-block-column is-layout-flow wp-block-column-is-layout-flow\">\n<figure class=\"wp-block-image size-full\"><img loading=\"lazy\" decoding=\"async\" width=\"267\" height=\"267\" src=\"http:\/\/kita-schnickschnack.de\/wp-content\/uploads\/2022\/06\/Maedchen.jpg\" alt=\"\" class=\"wp-image-281\" srcset=\"https:\/\/kita-schnickschnack.de\/wp-content\/uploads\/2022\/06\/Maedchen.jpg 267w, https:\/\/kita-schnickschnack.de\/wp-content\/uploads\/2022\/06\/Maedchen-150x150.jpg 150w\" sizes=\"auto, (max-width: 267px) 100vw, 267px\" \/><\/figure>\n<\/div>\n\n\n\n<div class=\"wp-block-column is-layout-flow wp-block-column-is-layout-flow\">\n<figure class=\"wp-block-image size-full\"><img loading=\"lazy\" decoding=\"async\" width=\"268\" height=\"268\" src=\"http:\/\/kita-schnickschnack.de\/wp-content\/uploads\/2022\/05\/TTMZeichenfla\u0308che-3-Kopie-11HQ.png\" alt=\"\" class=\"wp-image-31\" srcset=\"https:\/\/kita-schnickschnack.de\/wp-content\/uploads\/2022\/05\/TTMZeichenfla\u0308che-3-Kopie-11HQ.png 268w, https:\/\/kita-schnickschnack.de\/wp-content\/uploads\/2022\/05\/TTMZeichenfla\u0308che-3-Kopie-11HQ-150x150.png 150w\" sizes=\"auto, (max-width: 268px) 100vw, 268px\" \/><\/figure>\n<\/div>\n\n\n\n<div class=\"wp-block-column is-layout-flow wp-block-column-is-layout-flow\">\n<figure class=\"wp-block-image size-full\"><img loading=\"lazy\" decoding=\"async\" width=\"267\" height=\"267\" src=\"http:\/\/kita-schnickschnack.de\/wp-content\/uploads\/2022\/06\/Junge.jpg\" alt=\"\" class=\"wp-image-275\" srcset=\"https:\/\/kita-schnickschnack.de\/wp-content\/uploads\/2022\/06\/Junge.jpg 267w, https:\/\/kita-schnickschnack.de\/wp-content\/uploads\/2022\/06\/Junge-150x150.jpg 150w\" sizes=\"auto, (max-width: 267px) 100vw, 267px\" \/><\/figure>\n<\/div>\n<\/div>\n\n\n<nav class=\"has-medium-font-size items-justified-space-between wp-block-navigation is-content-justification-space-between is-layout-flex wp-container-core-navigation-is-layout-3d213aab wp-block-navigation-is-layout-flex\" aria-label=\"SEKUND\u00c4RMENU\"><ul class=\"wp-block-navigation__container has-medium-font-size items-justified-space-between wp-block-navigation has-medium-font-size\"><li class=\"has-medium-font-size wp-block-navigation-item wp-block-navigation-link\"><a class=\"wp-block-navigation-item__content\"  href=\"https:\/\/kita-schnickschnack.de\/en\/ekt-einfach-erklaert\/\"><span class=\"wp-block-navigation-item__label\">DAYCARE EXPLAINED<\/span><\/a><\/li><li class=\"has-medium-font-size wp-block-navigation-item wp-block-navigation-link\"><a class=\"wp-block-navigation-item__content\"  href=\"https:\/\/kita-schnickschnack.de\/en\/leitbild\/\"><span class=\"wp-block-navigation-item__label\">MISSION STATEMENT<\/span><\/a><\/li><li class=\"has-medium-font-size wp-block-navigation-item wp-block-navigation-link\"><a class=\"wp-block-navigation-item__content\"  href=\"https:\/\/kita-schnickschnack.de\/en\/raeume\/\"><span class=\"wp-block-navigation-item__label\">ROOMS<\/span><\/a><\/li><li class=\"has-medium-font-size wp-block-navigation-item wp-block-navigation-link\"><a class=\"wp-block-navigation-item__content\"  href=\"https:\/\/kita-schnickschnack.de\/en\/tagesablauf\/\"><span class=\"wp-block-navigation-item__label\">DAILY ROUTINE<\/span><\/a><\/li><li class=\"has-medium-font-size wp-block-navigation-item wp-block-navigation-link\"><a class=\"wp-block-navigation-item__content\"  href=\"https:\/\/kita-schnickschnack.de\/en\/team\/\"><span class=\"wp-block-navigation-item__label\">TEAM<\/span><\/a><\/li><\/ul><\/nav>","protected":false},"excerpt":{"rendered":"<p>7.45 \u2013 9.20 Uhr Ankommen und FreispielAlle Kinder werden in den Gruppenr\u00e4umen der Schnacks in Empfang genommen und begr\u00fc\u00dft. F\u00fcr die Kinder, die vor 8.30 Uhr kommen, gibt es die M\u00f6glichkeit etwas zu fr\u00fchst\u00fccken. 9.30 Uhr MorgenkreisJede Gruppe versammelt sich in ihrem Gruppenraum zum Morgenkreis. Nach einem Guten-Morgen-Lied werden z.B. die Kinder gez\u00e4hlt, \u00fcberlegt wer&hellip;&nbsp;<a href=\"https:\/\/kita-schnickschnack.de\/en\/tagesablauf\/\" rel=\"bookmark\">Read More &raquo;<span class=\"screen-reader-text\">Daily Routine<\/span><\/a><\/p>","protected":false},"author":1,"featured_media":0,"parent":0,"menu_order":0,"comment_status":"closed","ping_status":"closed","template":"","meta":{"neve_meta_sidebar":"default","neve_meta_container":"contained","neve_meta_enable_content_width":"","neve_meta_content_width":0,"neve_meta_title_alignment":"","neve_meta_author_avatar":"","neve_post_elements_order":"","neve_meta_disable_header":"","neve_meta_disable_footer":"","neve_meta_disable_title":"","footnotes":""},"class_list":["post-106","page","type-page","status-publish","hentry"],"_links":{"self":[{"href":"https:\/\/kita-schnickschnack.de\/en\/wp-json\/wp\/v2\/pages\/106","targetHints":{"allow":["GET"]}}],"collection":[{"href":"https:\/\/kita-schnickschnack.de\/en\/wp-json\/wp\/v2\/pages"}],"about":[{"href":"https:\/\/kita-schnickschnack.de\/en\/wp-json\/wp\/v2\/types\/page"}],"author":[{"embeddable":true,"href":"https:\/\/kita-schnickschnack.de\/en\/wp-json\/wp\/v2\/users\/1"}],"replies":[{"embeddable":true,"href":"https:\/\/kita-schnickschnack.de\/en\/wp-json\/wp\/v2\/comments?post=106"}],"version-history":[{"count":9,"href":"https:\/\/kita-schnickschnack.de\/en\/wp-json\/wp\/v2\/pages\/106\/revisions"}],"predecessor-version":[{"id":582,"href":"https:\/\/kita-schnickschnack.de\/en\/wp-json\/wp\/v2\/pages\/106\/revisions\/582"}],"wp:attachment":[{"href":"https:\/\/kita-schnickschnack.de\/en\/wp-json\/wp\/v2\/media?parent=106"}],"curies":[{"name":"wp","href":"https:\/\/api.w.org\/{rel}","templated":true}]}}