{"id":3,"date":"2022-05-15T11:35:48","date_gmt":"2022-05-15T09:35:48","guid":{"rendered":"https:\/\/kita-schnickschnack.de\/?page_id=3"},"modified":"2022-06-21T13:32:21","modified_gmt":"2022-06-21T11:32:21","slug":"datenschutzerklaerung","status":"publish","type":"page","link":"https:\/\/kita-schnickschnack.de\/en\/datenschutzerklaerung\/","title":{"rendered":"Privacy Policy"},"content":{"rendered":"<p><strong>COOKIEHINWEIS:<br>Warum verwenden wir keinen Cookie Hinweis Pop-Up?<\/strong><br>DIESE SEITE VERWENDET KEINE DRITTANBIETER COOKIES, DIE PERNS\u00d6NLICHE DATEN ODER IHRE IPADRESSE AN DRITTER STELLE WEITERVERARBEITEN ODER SPEICHERN. IHRE DATEN WERDEN AUSSCHLIE\u00dfLICH BEI KONTAKTAUFNAHME DURCH EKT Schnick &amp; Schnack e.V. ERHOBEN &amp; BIS ZU 3 MONATE GESPEICHERT. (ausf\u00fchrliche Infos im Anschluss)<\/p>\n\n\n\n<h2 class=\"wp-block-heading\"><br>Inhalts\u00fcbersicht<\/h2>\n\n\n\n<p>Einleitung<br>Verantwortlicher<br>\u00dcbersicht der Verarbeitungen<br>Ma\u00dfgebliche Rechtsgrundlagen<br>Sicherheitsma\u00dfnahmen<br>L\u00f6schung von Daten<br>Wahrnehmung von Aufgaben nach Satzung oder Gesch\u00e4ftsordnung<br>Bereitstellung des Onlineangebotes und Webhosting<br>Kontakt- und Anfragenverwaltung<br>Plugins und eingebettete Funktionen sowie Inhalte<br>\u00c4nderung und Aktualisierung der Datenschutzerkl\u00e4rung<br>Begriffsdefinitionen<\/p>\n\n\n\n<h2 class=\"wp-block-heading\"><br><strong>Verantwortlicher<\/strong><\/h2>\n\n\n\n<p><strong>EKT Schnick &amp; Schnack e.V.<\/strong><br>Pasteurstra\u00dfe 5<br>10407 Berlin<br>E-Mail-Adresse:<br><a rel=\"noreferrer noopener\" href=\"\/en\/ma&\/#105;&#108;&#116;&#x6f;&#x3a;&#x69;&#x6e;fo&#46;&#115;&#99;&#x68;&#x6e;&#x69;&#x63;ku&#110;&#100;&#115;&#x63;&#x68;&#x6e;&#x61;ck&#64;&#103;&#111;&#x6f;&#x67;&#x6c;&#x65;ma&#105;&#108;&#46;&#x63;&#x6f;&#x6d;\" target=\"_blank\">info.schnickundschnack@googlemail.com<\/a><br><br><strong>Telefon:<\/strong><br>030 61748727<br><br><strong>Impressum:<\/strong><br><a href=\"https:\/\/kita-schnickschnack.de\/en\/impressum\/\" data-type=\"page\" data-id=\"51\">https:\/\/www.kita-schnickschnack.de\/impressum<\/a><\/p>\n\n\n\n<h2 class=\"wp-block-heading\"><br><strong>\u00dcbersicht der Verarbeitungen<\/strong><\/h2>\n\n\n\n<p>Die nachfolgende \u00dcbersicht fasst die Arten der verarbeiteten Daten und die Zwecke ihrer Verarbeitung zusammen und verweist auf die betroffenen Personen.<br><br><strong>Arten der verarbeiteten Daten<\/strong><br>Bestandsdaten.<br>Zahlungsdaten.<br>Kontaktdaten.<br>Inhaltsdaten.<br>Vertragsdaten.<br>Nutzungsdaten.<br>Meta-\/Kommunikationsdaten.<\/p>\n\n\n\n<p><strong>Kategorien betroffener Personen<\/strong><br>Kommunikationspartner.<br>Nutzer.<br>Mitglieder.<br>Gesch\u00e4fts- und Vertragspartner.<\/p>\n\n\n\n<p><strong>Zwecke der Verarbeitung<\/strong><br>Erbringung vertraglicher Leistungen und Kundenservice.<br>Kontaktanfragen und Kommunikation.<br>Verwaltung und Beantwortung von Anfragen.<br>Bereitstellung unseres Onlineangebotes und Nutzerfreundlichkeit.<br>Informationstechnische Infrastruktur.<\/p>\n\n\n\n<h2 class=\"wp-block-heading\"><br><strong>Ma\u00dfgebliche Rechtsgrundlagen<\/strong><\/h2>\n\n\n\n<p>Im Folgenden erhalten Sie eine \u00dcbersicht der Rechtsgrundlagen der DSGVO, auf deren Basis wir personenbezogene Daten verarbeiten. Bitte nehmen Sie zur Kenntnis, dass neben den Regelungen der DSGVO nationale Datenschutzvorgaben in Ihrem bzw. unserem Wohn- oder Sitzland gelten k\u00f6nnen. Sollten ferner im Einzelfall speziellere Rechtsgrundlagen ma\u00dfgeblich sein, teilen wir Ihnen diese in der Datenschutzerkl\u00e4rung mit.<\/p>\n\n\n\n<p><strong>Vertragserf\u00fcllung und vorvertragliche Anfragen (Art. 6 Abs. 1 S. 1 lit. b. DSGVO)<\/strong> &#8211; Die Verarbeitung ist f\u00fcr die Erf\u00fcllung eines Vertrags, dessen Vertragspartei die betroffene Person ist, oder zur Durchf\u00fchrung vorvertraglicher Ma\u00dfnahmen erforderlich, die auf Anfrage der betroffenen Person erfolgen.<\/p>\n\n\n\n<p><strong>Rechtliche Verpflichtung (Art. 6 Abs. 1 S. 1 lit. c. DSGVO) <\/strong>&#8211; Die Verarbeitung ist zur Erf\u00fcllung einer rechtlichen Verpflichtung erforderlich, der der Verantwortliche unterliegt.<\/p>\n\n\n\n<p><strong>Berechtigte Interessen (Art. 6 Abs. 1 S. 1 lit. f. DSGVO)<\/strong> &#8211; Die Verarbeitung ist zur Wahrung der berechtigten Interessen des Verantwortlichen oder eines Dritten erforderlich, sofern nicht die Interessen oder Grundrechte und Grundfreiheiten der betroffenen Person, die den Schutz personenbezogener Daten erfordern, \u00fcberwiegen.<\/p>\n\n\n\n<p><strong>Zus\u00e4tzlich zu den Datenschutzregelungen der Datenschutz-Grundverordnung <\/strong>gelten nationale Regelungen zum Datenschutz in Deutschland. Hierzu geh\u00f6rt insbesondere das Gesetz zum Schutz vor Missbrauch personenbezogener Daten bei der Datenverarbeitung (Bundesdatenschutzgesetz \u2013 BDSG). Das BDSG enth\u00e4lt insbesondere Spezialregelungen zum Recht auf Auskunft, zum Recht auf L\u00f6schung, zum Widerspruchsrecht, zur Verarbeitung besonderer Kategorien personenbezogener Daten, zur Verarbeitung f\u00fcr andere Zwecke und zur \u00dcbermittlung sowie automatisierten Entscheidungsfindung im Einzelfall einschlie\u00dflich Profiling. Des Weiteren regelt es die Datenverarbeitung f\u00fcr Zwecke des Besch\u00e4ftigungsverh\u00e4ltnisses (\u00a7 26 BDSG), insbesondere im Hinblick auf die Begr\u00fcndung, Durchf\u00fchrung oder Beendigung von Besch\u00e4ftigungsverh\u00e4ltnissen sowie die Einwilligung von Besch\u00e4ftigten. Ferner k\u00f6nnen Landesdatenschutzgesetze der einzelnen Bundesl\u00e4nder zur Anwendung gelangen.<\/p>\n\n\n\n<h2 class=\"wp-block-heading\"><br>Sicherheitsma\u00dfnahmen<\/h2>\n\n\n\n<p>Wir treffen nach Ma\u00dfgabe der gesetzlichen Vorgaben unter Ber\u00fccksichtigung des Stands der Technik, der Implementierungskosten und der Art, des Umfangs, der Umst\u00e4nde und der Zwecke der Verarbeitung sowie der unterschiedlichen Eintrittswahrscheinlichkeiten und des Ausma\u00dfes der Bedrohung der Rechte und Freiheiten nat\u00fcrlicher Personen geeignete technische und organisatorische Ma\u00dfnahmen, um ein dem Risiko angemessenes Schutzniveau zu gew\u00e4hrleisten.<br>Zu den Ma\u00dfnahmen geh\u00f6ren insbesondere die Sicherung der Vertraulichkeit, Integrit\u00e4t und Verf\u00fcgbarkeit von Daten durch Kontrolle des physischen und elektronischen Zugangs zu den Daten als auch des sie betreffenden Zugriffs, der Eingabe, der Weitergabe, der Sicherung der Verf\u00fcgbarkeit und ihrer Trennung. <\/p>\n\n\n\n<p>Des Weiteren haben wir Verfahren eingerichtet, die eine Wahrnehmung von Betroffenenrechten, die L\u00f6schung von Daten und Reaktionen auf die Gef\u00e4hrdung der Daten gew\u00e4hrleisten. Ferner ber\u00fccksichtigen wir den Schutz personenbezogener Daten bereits bei der Entwicklung bzw. Auswahl von Hardware, Software sowie Verfahren entsprechend dem Prinzip des Datenschutzes, durch Technikgestaltung und durch datenschutzfreundliche Voreinstellungen.<br>SSL-Verschl\u00fcsselung (https): Um Ihre via unserem Online-Angebot \u00fcbermittelten Daten zu sch\u00fctzen, nutzen wir eine SSL-Verschl\u00fcsselung. Sie erkennen derart verschl\u00fcsselte Verbindungen an dem Pr\u00e4fix https:\/\/ in der Adresszeile Ihres Browsers.<\/p>\n\n\n\n<h2 class=\"wp-block-heading\"><br>L\u00f6schung von Daten<\/h2>\n\n\n\n<p>Die von uns verarbeiteten Daten werden nach Ma\u00dfgabe der gesetzlichen Vorgaben gel\u00f6scht, sobald deren zur Verarbeitung erlaubten Einwilligungen widerrufen werden oder sonstige Erlaubnisse entfallen (z.B. wenn der Zweck der Verarbeitung dieser Daten entfallen ist oder sie f\u00fcr den Zweck nicht erforderlich sind).<br>Sofern die Daten nicht gel\u00f6scht werden, weil sie f\u00fcr andere und gesetzlich zul\u00e4ssige Zwecke erforderlich sind, wird deren Verarbeitung auf diese Zwecke beschr\u00e4nkt. D.h., die Daten werden gesperrt und nicht f\u00fcr andere Zwecke verarbeitet. Das gilt z.B. f\u00fcr Daten, die aus handels- oder steuerrechtlichen Gr\u00fcnden aufbewahrt werden m\u00fcssen oder deren Speicherung zur Geltendmachung, Aus\u00fcbung oder Verteidigung von Rechtsanspr\u00fcchen oder zum Schutz der Rechte einer anderen nat\u00fcrlichen oder juristischen Person erforderlich ist.<\/p>\n\n\n\n<p><br>Unsere Datenschutzhinweise k\u00f6nnen ferner weitere Angaben zu der Aufbewahrung und L\u00f6schung von Daten beinhalten, die f\u00fcr die jeweiligen Verarbeitungen vorrangig gelten.<br><\/p>\n\n\n\n<h2 class=\"wp-block-heading\">Wahrnehmung von Aufgaben nach Satzung oder Gesch\u00e4ftsordnung<\/h2>\n\n\n\n<p>Wir verarbeiten die Daten unserer Mitglieder, Unterst\u00fctzer, Interessenten, Gesch\u00e4ftspartner oder sonstiger Personen (Zusammenfassend &#8222;Betroffene&#8220;), wenn wir mit ihnen in einem Mitgliedschafts- oder sonstigem gesch\u00e4ftlichen Verh\u00e4ltnis stehen und unsere Aufgaben wahrnehmen sowie Empf\u00e4nger von Leistungen und Zuwendungen sind. Im \u00dcbrigen verarbeiten wir die Daten Betroffener auf Grundlage unserer berechtigten Interessen, z.B. wenn es sich um administrative Aufgaben oder \u00d6ffentlichkeitsarbeit handelt.<br>Die hierbei verarbeiteten Daten, die Art, der Umfang und der Zweck und die Erforderlichkeit ihrer Verarbeitung, bestimmen sich nach dem zugrundeliegenden Mitgliedschafts- oder Vertragsverh\u00e4ltnis, aus dem sich auch die Erforderlichkeit etwaiger Datenangaben ergeben (im \u00dcbrigen weisen wir auf erforderliche Daten hin).<br>Wir l\u00f6schen Daten, die zur Erbringung unserer satzungs- und gesch\u00e4ftsm\u00e4\u00dfigen Zwecke nicht mehr erforderlich sind. Dies bestimmt sich entsprechend der jeweiligen Aufgaben und vertraglichen Beziehungen. Wir bewahren die Daten so lange auf, wie sie zur Gesch\u00e4ftsabwicklung, als auch im Hinblick auf etwaige Gew\u00e4hrleistungs- oder Haftungspflichten auf Grundlage unserer berechtigten Interesse an deren Regelung relevant sein k\u00f6nnen. Die Erforderlichkeit der Aufbewahrung der Daten wird regelm\u00e4\u00dfig \u00fcberpr\u00fcft; im \u00dcbrigen gelten die gesetzlichen Aufbewahrungspflichten.<br>Verarbeitete Datenarten: Bestandsdaten (z.B. Namen, Adressen); Zahlungsdaten (z.B. Bankverbindungen, Rechnungen, Zahlungshistorie); Kontaktdaten (z.B. E-Mail, Telefonnummern); Vertragsdaten (z.B. Vertragsgegenstand, Laufzeit, Kundenkategorie).<br>Betroffene Personen: Nutzer (z.B. Webseitenbesucher, Nutzer von Onlinediensten); Mitglieder; Gesch\u00e4fts- und Vertragspartner.<br>Zwecke der Verarbeitung: Erbringung vertraglicher Leistungen und Kundenservice; Kontaktanfragen und Kommunikation; Verwaltung und Beantwortung von Anfragen.<br>Rechtsgrundlagen: Vertragserf\u00fcllung und vorvertragliche Anfragen (Art. 6 Abs. 1 S. 1 lit. b. DSGVO); Berechtigte Interessen (Art. 6 Abs. 1 S. 1 lit. f. DSGVO).<br><\/p>\n\n\n\n<h2 class=\"wp-block-heading\">Bereitstellung des Onlineangebotes und Webhosting<\/h2>\n\n\n\n<p>Um unser Onlineangebot sicher und effizient bereitstellen zu k\u00f6nnen, nehmen wir die Leistungen von einem oder mehreren Webhosting-Anbietern in Anspruch, von deren Servern (bzw. von ihnen verwalteten Servern) das Onlineangebot abgerufen werden kann. Zu diesen Zwecken k\u00f6nnen wir Infrastruktur- und Plattformdienstleistungen, Rechenkapazit\u00e4t, Speicherplatz und Datenbankdienste sowie Sicherheitsleistungen und technische Wartungsleistungen in Anspruch nehmen.<br>Zu den im Rahmen der Bereitstellung des Hostingangebotes verarbeiteten Daten k\u00f6nnen alle die Nutzer unseres Onlineangebotes betreffenden Angaben geh\u00f6ren, die im Rahmen der Nutzung und der Kommunikation anfallen. Hierzu geh\u00f6ren regelm\u00e4\u00dfig die IP-Adresse, die notwendig ist, um die Inhalte von Onlineangeboten an Browser ausliefern zu k\u00f6nnen, und alle innerhalb unseres Onlineangebotes oder von Webseiten get\u00e4tigten Eingaben.<br><strong>Verarbeitete Datenarten: <\/strong>Inhaltsdaten (z.B. Eingaben in Onlineformularen); Nutzungsdaten (z.B. besuchte Webseiten, Interesse an Inhalten, Zugriffszeiten); Meta-\/Kommunikationsdaten (z.B. Ger\u00e4te-Informationen, IP-Adressen).<br><strong>Betroffene Personen: Nutzer<\/strong> (z.B. Webseitenbesucher, Nutzer von Onlinediensten).<br><strong>Zwecke der Verarbeitung: Bereitstellung unseres Onlineangebotes <\/strong>und Nutzerfreundlichkeit; Informationstechnische Infrastruktur (Betrieb und Bereitstellung von Informationssystemen und technischen Ger\u00e4ten (Computer, Server etc.).).<br><strong>Rechtsgrundlagen:<\/strong> Berechtigte Interessen (Art. 6 Abs. 1 S. 1 lit. f. DSGVO).<br><\/p>\n\n\n\n<h2 class=\"wp-block-heading\">Kontakt- und Anfragenverwaltung<\/h2>\n\n\n\n<p><strong>Weitere Hinweise zu Verarbeitungsprozessen, Verfahren und Diensten:<br>Erhebung von Zugriffsdaten und Logfiles: Wir selbst (bzw. unser Webhostinganbieter)<\/strong> erheben Daten zu jedem Zugriff auf den Server (sogenannte Serverlogfiles). Zu den Serverlogfiles k\u00f6nnen die Adresse und Name der abgerufenen Webseiten und Dateien, Datum und Uhrzeit des Abrufs, \u00fcbertragene Datenmengen, Meldung \u00fcber erfolgreichen Abruf, Browsertyp nebst Version, das Betriebssystem des Nutzers, Referrer URL (die zuvor besuchte Seite) und im Regelfall IP-Adressen und der anfragende Provider geh\u00f6ren. Die Serverlogfiles k\u00f6nnen zum einen zu Zwecken der Sicherheit eingesetzt werden, z.B., um eine \u00dcberlastung der Server zu vermeiden (insbesondere im Fall von missbr\u00e4uchlichen Angriffen, sogenannten DDoS-Attacken) und zum anderen, um die Auslastung der Server und ihre Stabilit\u00e4t sicherzustellen; L\u00f6schung von Daten: Logfile-Informationen werden f\u00fcr die Dauer von maximal 30 Tagen gespeichert und danach gel\u00f6scht oder anonymisiert. Daten, deren weitere Aufbewahrung zu Beweiszwecken erforderlich ist, sind bis zur endg\u00fcltigen Kl\u00e4rung des jeweiligen Vorfalls von der L\u00f6schung ausgenommen.<br><br>Bei der Kontaktaufnahme mit uns (z.B. per Kontaktformular, E-Mail, Telefon oder via soziale Medien) sowie im Rahmen bestehender Nutzer- und Gesch\u00e4ftsbeziehungen werden die Angaben der anfragenden Personen verarbeitet soweit dies zur Beantwortung der Kontaktanfragen und etwaiger angefragter Ma\u00dfnahmen erforderlich ist.<br>Die Beantwortung der Kontaktanfragen sowie die Verwaltung von Kontakt- und Anfragedaten im Rahmen von vertraglichen oder vorvertraglichen Beziehungen erfolgt zur Erf\u00fcllung unserer vertraglichen Pflichten oder zur Beantwortung von (vor)vertraglichen Anfragen und im \u00dcbrigen auf Grundlage der berechtigten Interessen an der Beantwortung der Anfragen und Pflege von Nutzer- bzw. Gesch\u00e4ftsbeziehungen.<br>Verarbeitete Datenarten: Bestandsdaten (z.B. Namen, Adressen); Kontaktdaten (z.B. E-Mail, Telefonnummern); Inhaltsdaten (z.B. Eingaben in Onlineformularen).<br>Betroffene Personen: Kommunikationspartner.<br>Zwecke der Verarbeitung: Kontaktanfragen und Kommunikation; Erbringung vertraglicher Leistungen und Kundenservice.<br>Rechtsgrundlagen: Vertragserf\u00fcllung und vorvertragliche Anfragen (Art. 6 Abs. 1 S. 1 lit. b. DSGVO); Berechtigte Interessen (Art. 6 Abs. 1 S. 1 lit. f. DSGVO); Rechtliche Verpflichtung (Art. 6 Abs. 1 S. 1 lit. c. DSGVO).<br>Weitere Hinweise zu Verarbeitungsprozessen, Verfahren und Diensten:<br>Kontaktformular: Wenn Nutzer \u00fcber unser Kontaktformular, E-Mail oder andere Kommunikationswege mit uns in Kontakt treten, verarbeiten wir die uns in diesem Zusammenhang mitgeteilten Daten zur Bearbeitung des mitgeteilten Anliegens. Zu diesem Zweck verarbeiten wir personenbezogene Daten im Rahmen vorvertraglicher und vertraglicher Gesch\u00e4ftsbeziehungen, soweit dies zu deren Erf\u00fcllung erforderlich ist und im \u00dcbrigen auf Grundlage unserer berechtigten Interessen sowie der Interessen der Kommunikationspartner an der Beantwortung der Anliegen und unserer gesetzlichen Aufbewahrungspflichten.<br><\/p>\n\n\n\n<h2 class=\"wp-block-heading\">Plugins und eingebettete Funktionen sowie Inhalte<\/h2>\n\n\n\n<p>Warum verwenden wir keine Cookie Hinweis?<br>DATENSCHUTZ ist uns wichtig, deshalb verwenden wir keine Drittanbieter Cookies oder Plugins die personenbezogen Daten oder IP Adressen an dritter Stelle speichern oder weiterverarbeiten.<\/p>\n\n\n\n<p>Wir binden in unser Onlineangebot keine Funktions- und Inhaltselemente ein, die von den Servern ihrer jeweiligen Anbieter (nachfolgend bezeichnet als &#8222;Drittanbieter\u201d) bezogen werden. Dabei kann es sich zum Beispiel um Grafiken, Videos oder Stadtpl\u00e4ne handeln (nachfolgend einheitlich bezeichnet als &#8222;Inhalte\u201d).<\/p>\n\n\n\n<h2 class=\"wp-block-heading\">\u00c4nderung und Aktualisierung der Datenschutzerkl\u00e4rung<\/h2>\n\n\n\n<p>Wir bitten Sie, sich regelm\u00e4\u00dfig \u00fcber den Inhalt unserer Datenschutzerkl\u00e4rung zu informieren. Wir passen die Datenschutzerkl\u00e4rung an, sobald die \u00c4nderungen der von uns durchgef\u00fchrten Datenverarbeitungen dies erforderlich machen. Wir informieren Sie, sobald durch die \u00c4nderungen eine Mitwirkungshandlung Ihrerseits (z.B. Einwilligung) oder eine sonstige individuelle Benachrichtigung erforderlich wird.<br>Sofern wir in dieser Datenschutzerkl\u00e4rung Adressen und Kontaktinformationen von Unternehmen und Organisationen angeben, bitten wir zu beachten, dass die Adressen sich \u00fcber die Zeit \u00e4ndern k\u00f6nnen und bitten die Angaben vor Kontaktaufnahme zu pr\u00fcfen.<\/p>\n\n\n\n<h2 class=\"wp-block-heading\"><br>Begriffsdefinitionen<\/h2>\n\n\n\n<p>In diesem Abschnitt erhalten Sie eine \u00dcbersicht \u00fcber die in dieser Datenschutzerkl\u00e4rung verwendeten Begrifflichkeiten. Viele der Begriffe sind dem Gesetz entnommen und vor allem im Art. 4 DSGVO definiert. Die gesetzlichen Definitionen sind verbindlich. Die nachfolgenden Erl\u00e4uterungen sollen dagegen vor allem dem Verst\u00e4ndnis dienen. Die Begriffe sind alphabetisch sortiert.<br><\/p>\n\n\n\n<p><strong>Personenbezogene Daten: &#8222;Personenbezogene Daten\u201c <\/strong>sind alle Informationen, die sich auf eine identifizierte oder identifizierbare nat\u00fcrliche Person (im Folgenden &#8222;betroffene Person\u201c) beziehen; als identifizierbar wird eine nat\u00fcrliche Person angesehen, die direkt oder indirekt, insbesondere mittels Zuordnung zu einer Kennung wie einem Namen, zu einer Kennnummer, zu Standortdaten, zu einer Online-Kennung (z.B. Cookie) oder zu einem oder mehreren besonderen Merkmalen identifiziert werden kann, die Ausdruck der physischen, physiologischen, genetischen, psychischen, wirtschaftlichen, kulturellen oder sozialen Identit\u00e4t dieser nat\u00fcrlichen Person sind.<\/p>\n\n\n\n<p><strong>Verantwortlicher: Als &#8222;Verantwortlicher\u201c <\/strong>wird die nat\u00fcrliche oder juristische Person, Beh\u00f6rde, Einrichtung oder andere Stelle, die allein oder gemeinsam mit anderen \u00fcber die Zwecke und Mittel der Verarbeitung von personenbezogenen Daten entscheidet, bezeichnet.<\/p>\n\n\n\n<p><strong>Verarbeitung: &#8222;Verarbeitung&#8220; <\/strong>ist jeder mit oder ohne Hilfe automatisierter Verfahren ausgef\u00fchrte Vorgang oder jede solche Vorgangsreihe im Zusammenhang mit personenbezogenen Daten. Der Begriff reicht weit und umfasst praktisch jeden Umgang mit Daten, sei es das Erheben, das Auswerten, das Speichern, das \u00dcbermitteln oder das L\u00f6schen.<br><br>Erstellt mit kostenlosem Datenschutz-Generator.de von Dr. Thomas Schwenke<br><\/p>\n\n\n\n<p><\/p>","protected":false},"excerpt":{"rendered":"<p>COOKIEHINWEIS:Warum verwenden wir keinen Cookie Hinweis Pop-Up?DIESE SEITE VERWENDET KEINE DRITTANBIETER COOKIES, DIE PERNS\u00d6NLICHE DATEN ODER IHRE IPADRESSE AN DRITTER STELLE WEITERVERARBEITEN ODER SPEICHERN. IHRE DATEN WERDEN AUSSCHLIE\u00dfLICH BEI KONTAKTAUFNAHME DURCH EKT Schnick &amp; Schnack e.V. ERHOBEN &amp; BIS ZU 3 MONATE GESPEICHERT. (ausf\u00fchrliche Infos im Anschluss) Inhalts\u00fcbersicht EinleitungVerantwortlicher\u00dcbersicht der VerarbeitungenMa\u00dfgebliche RechtsgrundlagenSicherheitsma\u00dfnahmenL\u00f6schung von DatenWahrnehmung von&hellip;&nbsp;<a href=\"https:\/\/kita-schnickschnack.de\/en\/datenschutzerklaerung\/\" rel=\"bookmark\">Read More &raquo;<span class=\"screen-reader-text\">Privacy Policy<\/span><\/a><\/p>","protected":false},"author":1,"featured_media":0,"parent":0,"menu_order":0,"comment_status":"closed","ping_status":"closed","template":"","meta":{"neve_meta_sidebar":"","neve_meta_container":"","neve_meta_enable_content_width":"","neve_meta_content_width":0,"neve_meta_title_alignment":"","neve_meta_author_avatar":"","neve_post_elements_order":"","neve_meta_disable_header":"","neve_meta_disable_footer":"","neve_meta_disable_title":"","footnotes":""},"class_list":["post-3","page","type-page","status-publish","hentry"],"_links":{"self":[{"href":"https:\/\/kita-schnickschnack.de\/en\/wp-json\/wp\/v2\/pages\/3","targetHints":{"allow":["GET"]}}],"collection":[{"href":"https:\/\/kita-schnickschnack.de\/en\/wp-json\/wp\/v2\/pages"}],"about":[{"href":"https:\/\/kita-schnickschnack.de\/en\/wp-json\/wp\/v2\/types\/page"}],"author":[{"embeddable":true,"href":"https:\/\/kita-schnickschnack.de\/en\/wp-json\/wp\/v2\/users\/1"}],"replies":[{"embeddable":true,"href":"https:\/\/kita-schnickschnack.de\/en\/wp-json\/wp\/v2\/comments?post=3"}],"version-history":[{"count":10,"href":"https:\/\/kita-schnickschnack.de\/en\/wp-json\/wp\/v2\/pages\/3\/revisions"}],"predecessor-version":[{"id":626,"href":"https:\/\/kita-schnickschnack.de\/en\/wp-json\/wp\/v2\/pages\/3\/revisions\/626"}],"wp:attachment":[{"href":"https:\/\/kita-schnickschnack.de\/en\/wp-json\/wp\/v2\/media?parent=3"}],"curies":[{"name":"wp","href":"https:\/\/api.w.org\/{rel}","templated":true}]}}