{"id":71,"date":"2022-05-17T22:15:38","date_gmt":"2022-05-17T20:15:38","guid":{"rendered":"https:\/\/kita-schnickschnack.de\/?page_id=71"},"modified":"2025-04-22T20:23:34","modified_gmt":"2025-04-22T18:23:34","slug":"ueber-uns","status":"publish","type":"page","link":"https:\/\/kita-schnickschnack.de\/en\/ueber-uns\/","title":{"rendered":"About us"},"content":{"rendered":"<div class=\"wp-block-columns is-layout-flex wp-container-core-columns-is-layout-9d6595d7 wp-block-columns-is-layout-flex\">\n<div class=\"wp-block-column is-layout-flow wp-block-column-is-layout-flow\" style=\"flex-basis:33.33%\"><div class=\"wp-block-image\">\n<figure class=\"aligncenter size-full\"><img loading=\"lazy\" decoding=\"async\" width=\"268\" height=\"268\" src=\"http:\/\/kita-schnickschnack.de\/wp-content\/uploads\/2022\/05\/TTMZeichenfla\u0308che-3HQ.png\" alt=\"\" class=\"wp-image-34\" srcset=\"https:\/\/kita-schnickschnack.de\/wp-content\/uploads\/2022\/05\/TTMZeichenfla\u0308che-3HQ.png 268w, https:\/\/kita-schnickschnack.de\/wp-content\/uploads\/2022\/05\/TTMZeichenfla\u0308che-3HQ-150x150.png 150w\" sizes=\"auto, (max-width: 268px) 100vw, 268px\" \/><\/figure>\n<\/div>\n\n<div class=\"wp-block-image\">\n<figure class=\"aligncenter size-full is-resized\"><img loading=\"lazy\" decoding=\"async\" width=\"268\" height=\"268\" src=\"http:\/\/kita-schnickschnack.de\/wp-content\/uploads\/2022\/05\/TTMZeichenfla\u0308che-3-Kopie-3HQ.png\" alt=\"\" class=\"wp-image-23\" style=\"width:158px;height:158px\" srcset=\"https:\/\/kita-schnickschnack.de\/wp-content\/uploads\/2022\/05\/TTMZeichenfla\u0308che-3-Kopie-3HQ.png 268w, https:\/\/kita-schnickschnack.de\/wp-content\/uploads\/2022\/05\/TTMZeichenfla\u0308che-3-Kopie-3HQ-150x150.png 150w\" sizes=\"auto, (max-width: 268px) 100vw, 268px\" \/><\/figure>\n<\/div>\n\n<div class=\"wp-block-image\">\n<figure class=\"aligncenter size-full is-resized\"><img loading=\"lazy\" decoding=\"async\" width=\"268\" height=\"268\" src=\"http:\/\/kita-schnickschnack.de\/wp-content\/uploads\/2022\/05\/TTMZeichenfla\u0308che-3-Kopie-6HQ.png\" alt=\"\" class=\"wp-image-26\" style=\"width:163px;height:163px\" srcset=\"https:\/\/kita-schnickschnack.de\/wp-content\/uploads\/2022\/05\/TTMZeichenfla\u0308che-3-Kopie-6HQ.png 268w, https:\/\/kita-schnickschnack.de\/wp-content\/uploads\/2022\/05\/TTMZeichenfla\u0308che-3-Kopie-6HQ-150x150.png 150w\" sizes=\"auto, (max-width: 268px) 100vw, 268px\" \/><\/figure>\n<\/div><\/div>\n\n\n\n<div class=\"wp-block-column is-layout-flow wp-block-column-is-layout-flow\" style=\"flex-basis:66.66%\">\n<p><strong>The Schnick &amp; Schnack daycare association<\/strong> was founded by parents and educators in 2009.<br><br>In our facility, there are two groups: the Schnicks (8 children aged approximately 1 to 3 years) and the Schnacks (12 children aged approximately 3 to 6 years).<\/p>\n\n\n\n<p>These groups are cared for during the main opening hours by two qualified educators and a volunteer (FSJ), and they have their own spaces and retreats. <\/p>\n\n\n\n<p>The morning drop-off and the afternoon pick-up times are spent together by both groups. Celebrations, outings, and activities are also carried out together, among other things.<\/p>\n\n\n\n<p>Our lunch is provided by a daycare catering service, prepared vegetarian with fresh ingredients, preferably organically grown, as well as regional and seasonal produce. In our daycare routine, we eat low-sugar, except, of course, on birthdays and other celebrations.<\/p>\n<\/div>\n<\/div>\n\n\n<nav class=\"items-justified-space-between wp-block-navigation is-content-justification-space-between is-layout-flex wp-container-core-navigation-is-layout-3d213aab wp-block-navigation-is-layout-flex\" aria-label=\"SEKUND\u00c4RMENU\"><ul class=\"wp-block-navigation__container items-justified-space-between wp-block-navigation\"><li class=\"wp-block-navigation-item wp-block-navigation-link\"><a class=\"wp-block-navigation-item__content\"  href=\"https:\/\/kita-schnickschnack.de\/en\/ekt-einfach-erklaert\/\"><span class=\"wp-block-navigation-item__label\">DAYCARE EXPLAINED<\/span><\/a><\/li><li class=\"wp-block-navigation-item wp-block-navigation-link\"><a class=\"wp-block-navigation-item__content\"  href=\"https:\/\/kita-schnickschnack.de\/en\/leitbild\/\"><span class=\"wp-block-navigation-item__label\">MISSION STATEMENT<\/span><\/a><\/li><li class=\"wp-block-navigation-item wp-block-navigation-link\"><a class=\"wp-block-navigation-item__content\"  href=\"https:\/\/kita-schnickschnack.de\/en\/raeume\/\"><span class=\"wp-block-navigation-item__label\">ROOMS<\/span><\/a><\/li><li class=\"wp-block-navigation-item wp-block-navigation-link\"><a class=\"wp-block-navigation-item__content\"  href=\"https:\/\/kita-schnickschnack.de\/en\/tagesablauf\/\"><span class=\"wp-block-navigation-item__label\">DAILY ROUTINE<\/span><\/a><\/li><li class=\"wp-block-navigation-item wp-block-navigation-link\"><a class=\"wp-block-navigation-item__content\"  href=\"https:\/\/kita-schnickschnack.de\/en\/team\/\"><span class=\"wp-block-navigation-item__label\">TEAM<\/span><\/a><\/li><\/ul><\/nav>","protected":false},"excerpt":{"rendered":"<p>Der Kinderladen Schnick &amp; Schnack e.V. wurde 2009 von Eltern und P\u00e4dagogInnen gegr\u00fcndet. In unserer Einrichtung gibt es zwei Gruppen: die Schnicks (8 Kinder im Alter von ca. 1 bis 3 Jahren) und die Schnacks (12 Kinder im Alter von ca. 3 bis 6 Jahren). Diese werden zu den Haupt\u00f6ffnungszeiten jeweils von zwei p\u00e4dagogischen Fachkr\u00e4ften&hellip;&nbsp;<a href=\"https:\/\/kita-schnickschnack.de\/en\/ueber-uns\/\" rel=\"bookmark\">Read More &raquo;<span class=\"screen-reader-text\">About us<\/span><\/a><\/p>","protected":false},"author":1,"featured_media":0,"parent":0,"menu_order":0,"comment_status":"closed","ping_status":"closed","template":"","meta":{"neve_meta_sidebar":"left","neve_meta_container":"contained","neve_meta_enable_content_width":"off","neve_meta_content_width":70,"neve_meta_title_alignment":"left","neve_meta_author_avatar":"","neve_post_elements_order":"","neve_meta_disable_header":"","neve_meta_disable_footer":"","neve_meta_disable_title":"off","footnotes":""},"class_list":["post-71","page","type-page","status-publish","hentry"],"_links":{"self":[{"href":"https:\/\/kita-schnickschnack.de\/en\/wp-json\/wp\/v2\/pages\/71","targetHints":{"allow":["GET"]}}],"collection":[{"href":"https:\/\/kita-schnickschnack.de\/en\/wp-json\/wp\/v2\/pages"}],"about":[{"href":"https:\/\/kita-schnickschnack.de\/en\/wp-json\/wp\/v2\/types\/page"}],"author":[{"embeddable":true,"href":"https:\/\/kita-schnickschnack.de\/en\/wp-json\/wp\/v2\/users\/1"}],"replies":[{"embeddable":true,"href":"https:\/\/kita-schnickschnack.de\/en\/wp-json\/wp\/v2\/comments?post=71"}],"version-history":[{"count":10,"href":"https:\/\/kita-schnickschnack.de\/en\/wp-json\/wp\/v2\/pages\/71\/revisions"}],"predecessor-version":[{"id":805,"href":"https:\/\/kita-schnickschnack.de\/en\/wp-json\/wp\/v2\/pages\/71\/revisions\/805"}],"wp:attachment":[{"href":"https:\/\/kita-schnickschnack.de\/en\/wp-json\/wp\/v2\/media?parent=71"}],"curies":[{"name":"wp","href":"https:\/\/api.w.org\/{rel}","templated":true}]}}