{"id":97,"date":"2022-05-17T23:48:34","date_gmt":"2022-05-17T21:48:34","guid":{"rendered":"https:\/\/kita-schnickschnack.de\/?page_id=97"},"modified":"2025-04-22T20:56:21","modified_gmt":"2025-04-22T18:56:21","slug":"leitbild","status":"publish","type":"page","link":"https:\/\/kita-schnickschnack.de\/en\/leitbild\/","title":{"rendered":"Mission Statement"},"content":{"rendered":"<div class=\"wp-block-columns is-layout-flex wp-container-core-columns-is-layout-9d6595d7 wp-block-columns-is-layout-flex\">\n<div class=\"wp-block-column is-layout-flow wp-block-column-is-layout-flow\"><\/div>\n<\/div>\n\n\n\n<div class=\"wp-block-columns is-layout-flex wp-container-core-columns-is-layout-9d6595d7 wp-block-columns-is-layout-flex\">\n<div class=\"wp-block-column is-layout-flow wp-block-column-is-layout-flow\" style=\"flex-basis:33.33%\">\n<h2 class=\"wp-block-heading\">LEARN &amp; PLAY ON ALL LEVELS<\/h2>\n\n\n\n<figure class=\"wp-block-image size-full\"><img loading=\"lazy\" decoding=\"async\" width=\"268\" height=\"268\" src=\"http:\/\/kita-schnickschnack.de\/wp-content\/uploads\/2022\/05\/TTMZeichenfla\u0308che-3-Kopie-11HQ.png\" alt=\"\" class=\"wp-image-31\" srcset=\"https:\/\/kita-schnickschnack.de\/wp-content\/uploads\/2022\/05\/TTMZeichenfla\u0308che-3-Kopie-11HQ.png 268w, https:\/\/kita-schnickschnack.de\/wp-content\/uploads\/2022\/05\/TTMZeichenfla\u0308che-3-Kopie-11HQ-150x150.png 150w\" sizes=\"auto, (max-width: 268px) 100vw, 268px\" \/><\/figure>\n<\/div>\n\n\n\n<div class=\"wp-block-column is-layout-flow wp-block-column-is-layout-flow\" style=\"flex-basis:66.66%\">\n<p>We work based on the Situational Approach and the Berlin Educational Program, while drawing inspiration from Montessori pedagogy. This means that we orient ourselves to the needs of the children, involve them in decision-making processes, and aim to support them in their learning processes on all levels.&nbsp;<\/p>\n\n\n\n<p>Our approach is grounded in the recognition of each child\u2019s individuality, which inherently includes the acknowledgment of different life experiences and social affiliations.<\/p>\n<\/div>\n<\/div>\n\n\n\n<div class=\"wp-block-columns is-layout-flex wp-container-core-columns-is-layout-9d6595d7 wp-block-columns-is-layout-flex\">\n<div class=\"wp-block-column is-layout-flow wp-block-column-is-layout-flow\" style=\"flex-basis:66.66%\">\n<p>We understand our educational work as a joyful, creative, and active learning and development process for all involved. It is especially important to us that the children are able to develop a healthy sense of self-esteem and self-confidence, which is directly linked to the acquisition of social skills<\/p>\n<\/div>\n\n\n\n<div class=\"wp-block-column is-layout-flow wp-block-column-is-layout-flow\" style=\"flex-basis:33.33%\">\n<h2 class=\"wp-block-heading\">HEALTHY<br>SELF-ESTEEM<\/h2>\n\n\n\n<figure class=\"wp-block-image size-full\"><img decoding=\"async\" src=\"http:\/\/kita-schnickschnack.de\/wp-content\/uploads\/2022\/05\/TTMZeichenfla\u0308che-3-Kopie-10HQ.svg\" alt=\"\" class=\"wp-image-44\"\/><\/figure>\n<\/div>\n<\/div>\n\n\n\n<div class=\"wp-block-columns is-layout-flex wp-container-core-columns-is-layout-9d6595d7 wp-block-columns-is-layout-flex\">\n<div class=\"wp-block-column is-layout-flow wp-block-column-is-layout-flow\" style=\"flex-basis:33.33%\">\n<h2 class=\"wp-block-heading\">FREE PLAY<\/h2>\n\n\n\n<figure class=\"wp-block-gallery has-nested-images columns-default is-cropped wp-block-gallery-1 is-layout-flex wp-block-gallery-is-layout-flex\">\n<figure class=\"wp-block-image size-full\"><img loading=\"lazy\" decoding=\"async\" width=\"267\" height=\"268\" data-id=\"32\" src=\"http:\/\/kita-schnickschnack.de\/wp-content\/uploads\/2022\/05\/TTMZeichenfla\u0308che-3-Kopie-12HQ.png\" alt=\"\" class=\"wp-image-32\" srcset=\"https:\/\/kita-schnickschnack.de\/wp-content\/uploads\/2022\/05\/TTMZeichenfla\u0308che-3-Kopie-12HQ.png 267w, https:\/\/kita-schnickschnack.de\/wp-content\/uploads\/2022\/05\/TTMZeichenfla\u0308che-3-Kopie-12HQ-150x150.png 150w\" sizes=\"auto, (max-width: 267px) 100vw, 267px\" \/><\/figure>\n<\/figure>\n<\/div>\n\n\n\n<div class=\"wp-block-column is-layout-flow wp-block-column-is-layout-flow\" style=\"flex-basis:66.66%\">\n<p>Of course, educational work is always preparation for school, but more importantly, for life in general, starting from day one. In a child\u2019s life, free play holds significant importance as the \u201ework of the child,\u201c which is why it plays a central role in our daily routine at the daycare<\/p>\n<\/div>\n<\/div>\n\n\n\n<div class=\"wp-block-columns is-layout-flex wp-container-core-columns-is-layout-9d6595d7 wp-block-columns-is-layout-flex\">\n<div class=\"wp-block-column is-layout-flow wp-block-column-is-layout-flow\" style=\"flex-basis:66.66%\">\n<p>Here, the child, almost effortlessly, gains fundamental experiences in various areas of education and learns to understand the world in a playful way. In this way, we help the children develop into confident, independent, and social individuals<\/p>\n<\/div>\n\n\n\n<div class=\"wp-block-column is-layout-flow wp-block-column-is-layout-flow\" style=\"flex-basis:33.33%\">\n<h2 class=\"wp-block-heading\">COMMUNITY &amp; CONNECTION<\/h2>\n\n\n\n<figure class=\"wp-block-image size-full\"><img loading=\"lazy\" decoding=\"async\" width=\"268\" height=\"268\" src=\"http:\/\/kita-schnickschnack.de\/wp-content\/uploads\/2022\/05\/TTMZeichenfla\u0308che-3-KopieHQ.png\" alt=\"\" class=\"wp-image-33\" srcset=\"https:\/\/kita-schnickschnack.de\/wp-content\/uploads\/2022\/05\/TTMZeichenfla\u0308che-3-KopieHQ.png 268w, https:\/\/kita-schnickschnack.de\/wp-content\/uploads\/2022\/05\/TTMZeichenfla\u0308che-3-KopieHQ-150x150.png 150w\" sizes=\"auto, (max-width: 268px) 100vw, 268px\" \/><\/figure>\n<\/div>\n<\/div>\n\n\n\n<div class=\"wp-block-columns is-layout-flex wp-container-core-columns-is-layout-9d6595d7 wp-block-columns-is-layout-flex\">\n<div class=\"wp-block-column is-layout-flow wp-block-column-is-layout-flow\" style=\"flex-basis:33.33%\">\n<figure class=\"wp-block-image size-full\"><img loading=\"lazy\" decoding=\"async\" width=\"268\" height=\"268\" src=\"http:\/\/kita-schnickschnack.de\/wp-content\/uploads\/2022\/05\/TTMZeichenfla\u0308che-3-Kopie-3HQ.png\" alt=\"\" class=\"wp-image-23\" srcset=\"https:\/\/kita-schnickschnack.de\/wp-content\/uploads\/2022\/05\/TTMZeichenfla\u0308che-3-Kopie-3HQ.png 268w, https:\/\/kita-schnickschnack.de\/wp-content\/uploads\/2022\/05\/TTMZeichenfla\u0308che-3-Kopie-3HQ-150x150.png 150w\" sizes=\"auto, (max-width: 268px) 100vw, 268px\" \/><\/figure>\n<\/div>\n\n\n\n<div class=\"wp-block-column is-layout-flow wp-block-column-is-layout-flow\" style=\"flex-basis:66.66%\">\n<p>In social interactions, language is an important tool and essential for engaging with and understanding the environment. Communication skills are fostered throughout our entire daycare routine. This is especially done through activities such as active reading, conversations during morning circles, at lunchtime, and various other opportunities.<\/p>\n<\/div>\n<\/div>\n\n\n\n<div class=\"wp-block-columns is-layout-flex wp-container-core-columns-is-layout-9d6595d7 wp-block-columns-is-layout-flex\">\n<div class=\"wp-block-column is-layout-flow wp-block-column-is-layout-flow\" style=\"flex-basis:66.66%\">\n<p>Through various offerings and activities, such as visits to playgrounds, park and project days, trips to the theater or library, etc., we aim to provide the children with opportunities to fulfill their need for movement and creativity. Their questions will be addressed, and their thirst for knowledge will be satisfied. <\/p>\n<\/div>\n\n\n\n<div class=\"wp-block-column is-layout-flow wp-block-column-is-layout-flow\" style=\"flex-basis:33.33%\">\n<figure class=\"wp-block-image size-full\"><img loading=\"lazy\" decoding=\"async\" width=\"267\" height=\"268\" src=\"http:\/\/kita-schnickschnack.de\/wp-content\/uploads\/2022\/06\/Kind-malt.jpg\" alt=\"\" class=\"wp-image-279\" srcset=\"https:\/\/kita-schnickschnack.de\/wp-content\/uploads\/2022\/06\/Kind-malt.jpg 267w, https:\/\/kita-schnickschnack.de\/wp-content\/uploads\/2022\/06\/Kind-malt-150x150.jpg 150w\" sizes=\"auto, (max-width: 267px) 100vw, 267px\" \/><\/figure>\n<\/div>\n<\/div>\n\n\n\n<div class=\"wp-block-columns is-layout-flex wp-container-core-columns-is-layout-9d6595d7 wp-block-columns-is-layout-flex\">\n<div class=\"wp-block-column is-layout-flow wp-block-column-is-layout-flow\" style=\"flex-basis:33.33%\">\n<h2 class=\"wp-block-heading\">ACTIVE &amp; CREATIVE<\/h2>\n\n\n\n<figure class=\"wp-block-image size-full\"><img loading=\"lazy\" decoding=\"async\" width=\"267\" height=\"268\" src=\"http:\/\/kita-schnickschnack.de\/wp-content\/uploads\/2022\/06\/Kind-jongliert.jpg\" alt=\"Kinder spielt jonglieren - freies Spiel\" class=\"wp-image-277\" srcset=\"https:\/\/kita-schnickschnack.de\/wp-content\/uploads\/2022\/06\/Kind-jongliert.jpg 267w, https:\/\/kita-schnickschnack.de\/wp-content\/uploads\/2022\/06\/Kind-jongliert-150x150.jpg 150w\" sizes=\"auto, (max-width: 267px) 100vw, 267px\" \/><\/figure>\n<\/div>\n\n\n\n<div class=\"wp-block-column is-layout-flow wp-block-column-is-layout-flow\" style=\"flex-basis:66.66%\">\n<p>In addition, the weekly sports program \u201eChildren\u2019s Movement\u201c offers opportunities for various physical experiences and the promotion of gross and fine motor skills, balance, coordination, and reaction time<br><\/p>\n\n\n\n<p>Musical early education is important to us. In everyday life, we enjoy singing with the children, and in addition, they are introduced to music once a week in a playful way and with great joy by a music educator.<\/p>\n<\/div>\n<\/div>\n\n\n\n<div class=\"wp-block-columns is-layout-flex wp-container-core-columns-is-layout-9d6595d7 wp-block-columns-is-layout-flex\">\n<div class=\"wp-block-column is-layout-flow wp-block-column-is-layout-flow\" style=\"flex-basis:66.66%\">\n<p>Collaboration with parents is an essential part of our daycare. On the one hand, it stems from the daycare tradition, where educators are responsible for daily routines and educational work, while parents contribute through their active involvement. On the other hand, it supports the positive development of each child. <\/p>\n<\/div>\n\n\n\n<div class=\"wp-block-column is-layout-flow wp-block-column-is-layout-flow\" style=\"flex-basis:33.33%\">\n<h2 class=\"wp-block-heading\">A CLOSE BOND WITH PARENTS<\/h2>\n\n\n\n<figure class=\"wp-block-image size-full\"><img loading=\"lazy\" decoding=\"async\" width=\"267\" height=\"267\" src=\"http:\/\/kita-schnickschnack.de\/wp-content\/uploads\/2022\/06\/Kind-mit-Kuscheltier.jpg\" alt=\"Mittagsruhe im Kindergarten\" class=\"wp-image-280\" srcset=\"https:\/\/kita-schnickschnack.de\/wp-content\/uploads\/2022\/06\/Kind-mit-Kuscheltier.jpg 267w, https:\/\/kita-schnickschnack.de\/wp-content\/uploads\/2022\/06\/Kind-mit-Kuscheltier-150x150.jpg 150w\" sizes=\"auto, (max-width: 267px) 100vw, 267px\" \/><\/figure>\n<\/div>\n<\/div>\n\n\n\n<h2 class=\"wp-block-heading\">PROMOTE &amp; ENCOURAGE<\/h2>\n\n\n\n<div class=\"wp-block-columns is-layout-flex wp-container-core-columns-is-layout-9d6595d7 wp-block-columns-is-layout-flex\">\n<div class=\"wp-block-column is-layout-flow wp-block-column-is-layout-flow\" style=\"flex-basis:33.33%\">\n<figure class=\"wp-block-image size-full\"><img loading=\"lazy\" decoding=\"async\" width=\"267\" height=\"268\" src=\"http:\/\/kita-schnickschnack.de\/wp-content\/uploads\/2022\/06\/Kind-liest.jpg\" alt=\"\" class=\"wp-image-278\" srcset=\"https:\/\/kita-schnickschnack.de\/wp-content\/uploads\/2022\/06\/Kind-liest.jpg 267w, https:\/\/kita-schnickschnack.de\/wp-content\/uploads\/2022\/06\/Kind-liest-150x150.jpg 150w\" sizes=\"auto, (max-width: 267px) 100vw, 267px\" \/><\/figure>\n<\/div>\n\n\n\n<div class=\"wp-block-column is-layout-flow wp-block-column-is-layout-flow\" style=\"flex-basis:66.66%\">\n<p>The portfolio\/language learning journal and other observation and documentation tools help to keep track of the child\u2019s development and, if necessary, stimulate opportunities for further support <\/p>\n\n\n\n<p>To ensure that the team functions well, weekly team meetings, regular supervisions, and annual team days are held.<\/p>\n<\/div>\n<\/div>\n\n\n\n<figure class=\"wp-block-image size-large\"><img loading=\"lazy\" decoding=\"async\" width=\"1024\" height=\"396\" src=\"http:\/\/kita-schnickschnack.de\/wp-content\/uploads\/2022\/05\/TTMKita-Schnick_Schnack_LOGO2HQ-1024x396.png\" alt=\"\" class=\"wp-image-69\" srcset=\"https:\/\/kita-schnickschnack.de\/wp-content\/uploads\/2022\/05\/TTMKita-Schnick_Schnack_LOGO2HQ-1024x396.png 1024w, https:\/\/kita-schnickschnack.de\/wp-content\/uploads\/2022\/05\/TTMKita-Schnick_Schnack_LOGO2HQ-300x116.png 300w, https:\/\/kita-schnickschnack.de\/wp-content\/uploads\/2022\/05\/TTMKita-Schnick_Schnack_LOGO2HQ-768x297.png 768w, https:\/\/kita-schnickschnack.de\/wp-content\/uploads\/2022\/05\/TTMKita-Schnick_Schnack_LOGO2HQ-1536x595.png 1536w, https:\/\/kita-schnickschnack.de\/wp-content\/uploads\/2022\/05\/TTMKita-Schnick_Schnack_LOGO2HQ.png 1762w\" sizes=\"auto, (max-width: 1024px) 100vw, 1024px\" \/><\/figure>\n\n\n\n<div class=\"wp-block-columns is-layout-flex wp-container-core-columns-is-layout-9d6595d7 wp-block-columns-is-layout-flex\"><\/div>\n\n\n<nav class=\"has-medium-font-size items-justified-space-between alignfull wp-block-navigation is-content-justification-space-between is-layout-flex wp-container-core-navigation-is-layout-3d213aab wp-block-navigation-is-layout-flex\" aria-label=\"SEKUND\u00c4RMENU\"><ul class=\"wp-block-navigation__container has-medium-font-size items-justified-space-between alignfull wp-block-navigation has-medium-font-size\"><li class=\"has-medium-font-size wp-block-navigation-item wp-block-navigation-link\"><a class=\"wp-block-navigation-item__content\"  href=\"https:\/\/kita-schnickschnack.de\/en\/ekt-einfach-erklaert\/\"><span class=\"wp-block-navigation-item__label\">DAYCARE EXPLAINED<\/span><\/a><\/li><li class=\"has-medium-font-size wp-block-navigation-item wp-block-navigation-link\"><a class=\"wp-block-navigation-item__content\"  href=\"https:\/\/kita-schnickschnack.de\/en\/leitbild\/\"><span class=\"wp-block-navigation-item__label\">MISSION STATEMENT<\/span><\/a><\/li><li class=\"has-medium-font-size wp-block-navigation-item wp-block-navigation-link\"><a class=\"wp-block-navigation-item__content\"  href=\"https:\/\/kita-schnickschnack.de\/en\/raeume\/\"><span class=\"wp-block-navigation-item__label\">ROOMS<\/span><\/a><\/li><li class=\"has-medium-font-size wp-block-navigation-item wp-block-navigation-link\"><a class=\"wp-block-navigation-item__content\"  href=\"https:\/\/kita-schnickschnack.de\/en\/tagesablauf\/\"><span class=\"wp-block-navigation-item__label\">DAILY ROUTINE<\/span><\/a><\/li><li class=\"has-medium-font-size wp-block-navigation-item wp-block-navigation-link\"><a class=\"wp-block-navigation-item__content\"  href=\"https:\/\/kita-schnickschnack.de\/en\/team\/\"><span class=\"wp-block-navigation-item__label\">TEAM<\/span><\/a><\/li><\/ul><\/nav>","protected":false},"excerpt":{"rendered":"<p>LERNEN &amp; SPIELEN AUF ALLEN EBENEN Wir arbeiten auf Grundlage des Situationsansatzes und des Berliner Bildungsprogramms und lassen uns von der Montessori-P\u00e4dagogik inspirieren. Das hei\u00dft f\u00fcr uns, dass wir uns an den Bed\u00fcrfnissen der Kinder orientieren, sie an Entscheidungsprozessen teilhaben haben lassen und sie bei ihren Lernprozessen auf allen Ebenen begleiten wollen.&nbsp; Unsere Haltung basiert&hellip;&nbsp;<a href=\"https:\/\/kita-schnickschnack.de\/en\/leitbild\/\" rel=\"bookmark\">Read More &raquo;<span class=\"screen-reader-text\">Mission Statement<\/span><\/a><\/p>","protected":false},"author":1,"featured_media":0,"parent":0,"menu_order":0,"comment_status":"closed","ping_status":"closed","template":"","meta":{"neve_meta_sidebar":"default","neve_meta_container":"contained","neve_meta_enable_content_width":"","neve_meta_content_width":0,"neve_meta_title_alignment":"","neve_meta_author_avatar":"","neve_post_elements_order":"","neve_meta_disable_header":"","neve_meta_disable_footer":"","neve_meta_disable_title":"","footnotes":""},"class_list":["post-97","page","type-page","status-publish","hentry"],"_links":{"self":[{"href":"https:\/\/kita-schnickschnack.de\/en\/wp-json\/wp\/v2\/pages\/97","targetHints":{"allow":["GET"]}}],"collection":[{"href":"https:\/\/kita-schnickschnack.de\/en\/wp-json\/wp\/v2\/pages"}],"about":[{"href":"https:\/\/kita-schnickschnack.de\/en\/wp-json\/wp\/v2\/types\/page"}],"author":[{"embeddable":true,"href":"https:\/\/kita-schnickschnack.de\/en\/wp-json\/wp\/v2\/users\/1"}],"replies":[{"embeddable":true,"href":"https:\/\/kita-schnickschnack.de\/en\/wp-json\/wp\/v2\/comments?post=97"}],"version-history":[{"count":10,"href":"https:\/\/kita-schnickschnack.de\/en\/wp-json\/wp\/v2\/pages\/97\/revisions"}],"predecessor-version":[{"id":813,"href":"https:\/\/kita-schnickschnack.de\/en\/wp-json\/wp\/v2\/pages\/97\/revisions\/813"}],"wp:attachment":[{"href":"https:\/\/kita-schnickschnack.de\/en\/wp-json\/wp\/v2\/media?parent=97"}],"curies":[{"name":"wp","href":"https:\/\/api.w.org\/{rel}","templated":true}]}}